{"id":3,"date":"2025-04-15T10:58:48","date_gmt":"2025-04-15T02:58:48","guid":{"rendered":"https:\/\/www.compactsub.com\/?page_id=3"},"modified":"2025-04-17T10:38:15","modified_gmt":"2025-04-17T02:38:15","slug":"privacy-policy","status":"publish","type":"page","link":"https:\/\/www.compactsub.com\/pt\/politica-de-privacidade\/","title":{"rendered":"Pol\u00edtica de privacidade"},"content":{"rendered":"<p>Em <strong>[PINEELE]<\/strong>A empresa, a qual \u00e9 a maior empresa do mundo, tem o compromisso de proteger a privacidade dos visitantes e clientes de nosso site. Esta Pol\u00edtica de Privacidade descreve como coletamos, usamos e protegemos suas informa\u00e7\u00f5es pessoais quando voc\u00ea visita nosso site,<a href=\"https:\/\/www.compactsub.com\/pt\"> https:\/\/www.compactsub.com\/<\/a>A empresa oferece principalmente informa\u00e7\u00f5es e servi\u00e7os relacionados a subesta\u00e7\u00f5es compactas, transformadores de energia e produtos el\u00e9tricos associados.<\/p>\n\n\n\n<hr class=\"wp-block-separator has-alpha-channel-opacity\"\/>\n\n\n\n<h2 class=\"wp-block-heading\">1. Informa\u00e7\u00f5es que coletamos<\/h2>\n\n\n\n<p>Podemos coletar e processar os seguintes tipos de informa\u00e7\u00f5es:<\/p>\n\n\n\n<ul class=\"wp-block-list\">\n<li><strong>Informa\u00e7\u00f5es de identifica\u00e7\u00e3o pessoal<\/strong>: Nome, endere\u00e7o de e-mail, n\u00famero de telefone, nome da empresa e pa\u00eds quando voc\u00ea preenche formul\u00e1rios de contato, solicita or\u00e7amentos ou assina boletins informativos.<\/li>\n\n\n\n<li><strong>Informa\u00e7\u00f5es t\u00e9cnicas<\/strong>: Endere\u00e7o IP, tipo de navegador, p\u00e1ginas de refer\u00eancia\/sa\u00edda e sistema operacional (coletados por meio de cookies e ferramentas de an\u00e1lise).<\/li>\n\n\n\n<li><strong>Dados de uso<\/strong>: P\u00e1ginas visitadas, tempo gasto nas p\u00e1ginas e outros dados anal\u00edticos para ajudar a melhorar a experi\u00eancia do usu\u00e1rio.<\/li>\n<\/ul>\n\n\n\n<hr class=\"wp-block-separator has-alpha-channel-opacity\"\/>\n\n\n\n<h2 class=\"wp-block-heading\">2. Como usamos suas informa\u00e7\u00f5es<\/h2>\n\n\n\n<p>Usamos as informa\u00e7\u00f5es que coletamos para:<\/p>\n\n\n\n<ul class=\"wp-block-list\">\n<li>Responder a consultas e fornecer cota\u00e7\u00f5es ou suporte t\u00e9cnico;<\/li>\n\n\n\n<li>Processar e gerenciar pedidos e comunica\u00e7\u00f5es;<\/li>\n\n\n\n<li>Melhorar a funcionalidade e o conte\u00fado do nosso site;<\/li>\n\n\n\n<li>Enviar boletins informativos ou atualiza\u00e7\u00f5es de produtos (somente se voc\u00ea optar por participar);<\/li>\n\n\n\n<li>Cumprir com as obriga\u00e7\u00f5es legais.<\/li>\n<\/ul>\n\n\n\n<hr class=\"wp-block-separator has-alpha-channel-opacity\"\/>\n\n\n\n<h2 class=\"wp-block-heading\">3. Cookies e tecnologias de rastreamento<\/h2>\n\n\n\n<p>Nosso site usa cookies e ferramentas de rastreamento de terceiros, como <strong>Google Analytics<\/strong> para entender o comportamento do visitante e aprimorar a experi\u00eancia do usu\u00e1rio. Os cookies podem armazenar:<\/p>\n\n\n\n<ul class=\"wp-block-list\">\n<li>Prefer\u00eancias de sess\u00e3o;<\/li>\n\n\n\n<li>Configura\u00e7\u00f5es de idioma ou regi\u00e3o;<\/li>\n\n\n\n<li>Estat\u00edsticas de uso an\u00f4nimas.<\/li>\n<\/ul>\n\n\n\n<p>Voc\u00ea pode modificar as configura\u00e7\u00f5es do seu navegador para recusar cookies ou notific\u00e1-lo quando os cookies estiverem sendo usados.<\/p>\n\n\n\n<hr class=\"wp-block-separator has-alpha-channel-opacity\"\/>\n\n\n\n<h2 class=\"wp-block-heading\">4. Compartilhamento e divulga\u00e7\u00e3o de dados<\/h2>\n\n\n\n<p>N\u00f3s fazemos <strong>n\u00e3o vender<\/strong>trocar ou alugar suas informa\u00e7\u00f5es pessoais a terceiros.<\/p>\n\n\n\n<p>Podemos compartilhar seus dados com:<\/p>\n\n\n\n<ul class=\"wp-block-list\">\n<li>Provedores de servi\u00e7os confi\u00e1veis que nos ajudam a operar o site e a prestar servi\u00e7os (por exemplo, hospedagem na Web, entrega de e-mail);<\/li>\n\n\n\n<li>Autoridades legais, se exigido por lei ou em resposta a solicita\u00e7\u00f5es v\u00e1lidas.<\/li>\n<\/ul>\n\n\n\n<hr class=\"wp-block-separator has-alpha-channel-opacity\"\/>\n\n\n\n<h2 class=\"wp-block-heading\">5. Reten\u00e7\u00e3o de dados<\/h2>\n\n\n\n<p>Retemos suas informa\u00e7\u00f5es pessoais somente pelo tempo necess\u00e1rio para cumprir as finalidades descritas nesta pol\u00edtica, a menos que um per\u00edodo de reten\u00e7\u00e3o mais longo seja exigido ou permitido por lei.<\/p>\n\n\n\n<hr class=\"wp-block-separator has-alpha-channel-opacity\"\/>\n\n\n\n<h2 class=\"wp-block-heading\">6. Seus direitos de prote\u00e7\u00e3o de dados<\/h2>\n\n\n\n<p>Dependendo da sua localiza\u00e7\u00e3o (por exemplo, UE\/EEE), voc\u00ea pode ter os seguintes direitos:<\/p>\n\n\n\n<ul class=\"wp-block-list\">\n<li>Acesso a seus dados;<\/li>\n\n\n\n<li>Corre\u00e7\u00e3o de dados imprecisos ou incompletos;<\/li>\n\n\n\n<li>Apagamento de seus dados pessoais;<\/li>\n\n\n\n<li>Obje\u00e7\u00e3o ao processamento ou solicita\u00e7\u00e3o de portabilidade de dados.<\/li>\n<\/ul>\n\n\n\n<p>Para exercer esses direitos, entre em contato conosco:<br>\ud83d\udce7 E-mail: <strong>sales@zhengxi1983.com<\/strong><\/p>\n\n\n\n<hr class=\"wp-block-separator has-alpha-channel-opacity\"\/>\n\n\n\n<h2 class=\"wp-block-heading\">7. Links de terceiros<\/h2>\n\n\n\n<p>Nosso site pode conter links para sites externos, como Wikipedia, ABB, Schneider Electric, etc. N\u00e3o somos respons\u00e1veis pelas pr\u00e1ticas de privacidade ou pelo conte\u00fado desses sites. Consulte suas pol\u00edticas de privacidade separadamente.<\/p>\n\n\n\n<hr class=\"wp-block-separator has-alpha-channel-opacity\"\/>\n\n\n\n<h2 class=\"wp-block-heading\">8. Seguran\u00e7a de dados<\/h2>\n\n\n\n<p>Implementamos medidas t\u00e9cnicas e organizacionais apropriadas para proteger seus dados pessoais contra perda, acesso n\u00e3o autorizado, altera\u00e7\u00e3o ou divulga\u00e7\u00e3o.<\/p>\n\n\n\n<hr class=\"wp-block-separator has-alpha-channel-opacity\"\/>\n\n\n\n<h2 class=\"wp-block-heading\">9. Privacidade das crian\u00e7as<\/h2>\n\n\n\n<p>Nossos produtos e servi\u00e7os s\u00e3o destinados a profissionais dos setores el\u00e9trico e industrial. N\u00e3o coletamos intencionalmente informa\u00e7\u00f5es de indiv\u00edduos com menos de 16 anos de idade.<\/p>\n\n\n\n<hr class=\"wp-block-separator has-alpha-channel-opacity\"\/>\n\n\n\n<h2 class=\"wp-block-heading\">10. Atualiza\u00e7\u00f5es desta pol\u00edtica<\/h2>\n\n\n\n<p>Podemos atualizar esta Pol\u00edtica de Privacidade de tempos em tempos para refletir altera\u00e7\u00f5es em requisitos legais ou regulamentares ou altera\u00e7\u00f5es em nossas pr\u00e1ticas. A vers\u00e3o atualizada ser\u00e1 publicada nesta p\u00e1gina com uma \"Data de vig\u00eancia\" revisada.<\/p>\n\n\n\n<hr class=\"wp-block-separator has-alpha-channel-opacity\"\/>\n\n\n\n<h2 class=\"wp-block-heading\">11. Entre em contato conosco<\/h2>\n\n\n\n<p>Se tiver d\u00favidas sobre esta Pol\u00edtica de Privacidade ou sobre como lidamos com seus dados pessoais, entre em contato conosco:<\/p>\n\n\n\n<p><strong>[Pineele]<\/strong><br>\ud83d\udccd Endere\u00e7o: Yueqing, Zhejiang, China<br>\ud83d\udce7 E-mail: <strong>sales@zhengxi1983.com<\/strong><br>\ud83d\udcde Telefone: +86-18968823915<br>\ud83d\udcf1 WhatsApp: <a href=\"https:\/\/wa.me\/8618058868393\">https:\/\/wa.me\/8618058868393<\/a><\/p>","protected":false},"excerpt":{"rendered":"<p>Na [PINEELE], temos o compromisso de proteger a privacidade dos visitantes e clientes de nosso site. Esta Pol\u00edtica de Privacidade descreve como coletamos, usamos e protegemos suas informa\u00e7\u00f5es pessoais quando voc\u00ea acessa nosso site, https:\/\/www.compactsub.com\/, que oferece principalmente informa\u00e7\u00f5es e servi\u00e7os relacionados a subesta\u00e7\u00f5es compactas, transformadores de pot\u00eancia e produtos el\u00e9tricos associados. 1. Informa\u00e7\u00f5es que coletamos N\u00f3s [...]<\/p>","protected":false},"author":1,"featured_media":0,"parent":0,"menu_order":0,"comment_status":"closed","ping_status":"closed","template":"","meta":{"site-sidebar-layout":"default","site-content-layout":"","ast-site-content-layout":"default","site-content-style":"default","site-sidebar-style":"default","ast-global-header-display":"","ast-banner-title-visibility":"","ast-main-header-display":"","ast-hfb-above-header-display":"","ast-hfb-below-header-display":"","ast-hfb-mobile-header-display":"","site-post-title":"","ast-breadcrumbs-content":"","ast-featured-img":"","footer-sml-layout":"","theme-transparent-header-meta":"","adv-header-id-meta":"","stick-header-meta":"","header-above-stick-meta":"","header-main-stick-meta":"","header-below-stick-meta":"","astra-migrate-meta-layouts":"set","ast-page-background-enabled":"default","ast-page-background-meta":{"desktop":{"background-color":"var(--ast-global-color-4)","background-image":"","background-repeat":"repeat","background-position":"center center","background-size":"auto","background-attachment":"scroll","background-type":"","background-media":"","overlay-type":"","overlay-color":"","overlay-opacity":"","overlay-gradient":""},"tablet":{"background-color":"","background-image":"","background-repeat":"repeat","background-position":"center center","background-size":"auto","background-attachment":"scroll","background-type":"","background-media":"","overlay-type":"","overlay-color":"","overlay-opacity":"","overlay-gradient":""},"mobile":{"background-color":"","background-image":"","background-repeat":"repeat","background-position":"center center","background-size":"auto","background-attachment":"scroll","background-type":"","background-media":"","overlay-type":"","overlay-color":"","overlay-opacity":"","overlay-gradient":""}},"ast-content-background-meta":{"desktop":{"background-color":"var(--ast-global-color-5)","background-image":"","background-repeat":"repeat","background-position":"center center","background-size":"auto","background-attachment":"scroll","background-type":"","background-media":"","overlay-type":"","overlay-color":"","overlay-opacity":"","overlay-gradient":""},"tablet":{"background-color":"var(--ast-global-color-5)","background-image":"","background-repeat":"repeat","background-position":"center center","background-size":"auto","background-attachment":"scroll","background-type":"","background-media":"","overlay-type":"","overlay-color":"","overlay-opacity":"","overlay-gradient":""},"mobile":{"background-color":"var(--ast-global-color-5)","background-image":"","background-repeat":"repeat","background-position":"center center","background-size":"auto","background-attachment":"scroll","background-type":"","background-media":"","overlay-type":"","overlay-color":"","overlay-opacity":"","overlay-gradient":""}},"footnotes":""},"class_list":["post-3","page","type-page","status-publish","hentry"],"yoast_head":"<!-- This site is optimized with the Yoast SEO plugin v24.8.1 - https:\/\/yoast.com\/wordpress\/plugins\/seo\/ -->\n<title>Privacy Policy - PINEELE<\/title>\n<meta name=\"description\" content=\"At [PINEELE], we are committed to protecting the privacy of our website visitors and customers.\" \/>\n<meta name=\"robots\" content=\"index, follow, max-snippet:-1, max-image-preview:large, max-video-preview:-1\" \/>\n<link rel=\"canonical\" href=\"https:\/\/www.compactsub.com\/pt\/politica-de-privacidade\/\" \/>\n<meta property=\"og:locale\" content=\"pt_BR\" \/>\n<meta property=\"og:type\" content=\"article\" \/>\n<meta property=\"og:title\" content=\"Privacy Policy - PINEELE\" \/>\n<meta property=\"og:description\" content=\"At [PINEELE], we are committed to protecting the privacy of our website visitors and customers.\" \/>\n<meta property=\"og:url\" content=\"https:\/\/www.compactsub.com\/pt\/politica-de-privacidade\/\" \/>\n<meta property=\"og:site_name\" content=\"PINEELE\" \/>\n<meta property=\"article:modified_time\" content=\"2025-04-17T02:38:15+00:00\" \/>\n<meta name=\"twitter:card\" content=\"summary_large_image\" \/>\n<meta name=\"twitter:label1\" content=\"Est. tempo de leitura\" \/>\n\t<meta name=\"twitter:data1\" content=\"3 minutos\" \/>\n<script type=\"application\/ld+json\" class=\"yoast-schema-graph\">{\"@context\":\"https:\/\/schema.org\",\"@graph\":[{\"@type\":\"WebPage\",\"@id\":\"https:\/\/www.compactsub.com\/privacy-policy\/\",\"url\":\"https:\/\/www.compactsub.com\/privacy-policy\/\",\"name\":\"Privacy Policy - PINEELE\",\"isPartOf\":{\"@id\":\"https:\/\/www.compactsub.com\/#website\"},\"datePublished\":\"2025-04-15T02:58:48+00:00\",\"dateModified\":\"2025-04-17T02:38:15+00:00\",\"description\":\"At [PINEELE], we are committed to protecting the privacy of our website visitors and customers.\",\"breadcrumb\":{\"@id\":\"https:\/\/www.compactsub.com\/privacy-policy\/#breadcrumb\"},\"inLanguage\":\"pt-BR\",\"potentialAction\":[{\"@type\":\"ReadAction\",\"target\":[\"https:\/\/www.compactsub.com\/privacy-policy\/\"]}]},{\"@type\":\"BreadcrumbList\",\"@id\":\"https:\/\/www.compactsub.com\/privacy-policy\/#breadcrumb\",\"itemListElement\":[{\"@type\":\"ListItem\",\"position\":1,\"name\":\"Home\",\"item\":\"https:\/\/www.compactsub.com\/\"},{\"@type\":\"ListItem\",\"position\":2,\"name\":\"Privacy Policy\"}]},{\"@type\":\"WebSite\",\"@id\":\"https:\/\/www.compactsub.com\/#website\",\"url\":\"https:\/\/www.compactsub.com\/\",\"name\":\"PINEELE\",\"description\":\"ZHENGXI GROUP\u2018 Subsidiary\",\"publisher\":{\"@id\":\"https:\/\/www.compactsub.com\/#organization\"},\"potentialAction\":[{\"@type\":\"SearchAction\",\"target\":{\"@type\":\"EntryPoint\",\"urlTemplate\":\"https:\/\/www.compactsub.com\/?s={search_term_string}\"},\"query-input\":{\"@type\":\"PropertyValueSpecification\",\"valueRequired\":true,\"valueName\":\"search_term_string\"}}],\"inLanguage\":\"pt-BR\"},{\"@type\":\"Organization\",\"@id\":\"https:\/\/www.compactsub.com\/#organization\",\"name\":\"Pineele\",\"url\":\"https:\/\/www.compactsub.com\/\",\"logo\":{\"@type\":\"ImageObject\",\"inLanguage\":\"pt-BR\",\"@id\":\"https:\/\/www.compactsub.com\/#\/schema\/logo\/image\/\",\"url\":\"https:\/\/www.compactsub.com\/wp-content\/uploads\/2025\/06\/pine-logo.webp\",\"contentUrl\":\"https:\/\/www.compactsub.com\/wp-content\/uploads\/2025\/06\/pine-logo.webp\",\"width\":213,\"height\":66,\"caption\":\"Pineele\"},\"image\":{\"@id\":\"https:\/\/www.compactsub.com\/#\/schema\/logo\/image\/\"}}]}<\/script>\n<!-- \/ Yoast SEO plugin. -->","yoast_head_json":{"title":"Privacy Policy - PINEELE","description":"At [PINEELE], we are committed to protecting the privacy of our website visitors and customers.","robots":{"index":"index","follow":"follow","max-snippet":"max-snippet:-1","max-image-preview":"max-image-preview:large","max-video-preview":"max-video-preview:-1"},"canonical":"https:\/\/www.compactsub.com\/pt\/politica-de-privacidade\/","og_locale":"pt_BR","og_type":"article","og_title":"Privacy Policy - PINEELE","og_description":"At [PINEELE], we are committed to protecting the privacy of our website visitors and customers.","og_url":"https:\/\/www.compactsub.com\/pt\/politica-de-privacidade\/","og_site_name":"PINEELE","article_modified_time":"2025-04-17T02:38:15+00:00","twitter_card":"summary_large_image","twitter_misc":{"Est. tempo de leitura":"3 minutos"},"schema":{"@context":"https:\/\/schema.org","@graph":[{"@type":"WebPage","@id":"https:\/\/www.compactsub.com\/privacy-policy\/","url":"https:\/\/www.compactsub.com\/privacy-policy\/","name":"Privacy Policy - PINEELE","isPartOf":{"@id":"https:\/\/www.compactsub.com\/#website"},"datePublished":"2025-04-15T02:58:48+00:00","dateModified":"2025-04-17T02:38:15+00:00","description":"At [PINEELE], we are committed to protecting the privacy of our website visitors and customers.","breadcrumb":{"@id":"https:\/\/www.compactsub.com\/privacy-policy\/#breadcrumb"},"inLanguage":"pt-BR","potentialAction":[{"@type":"ReadAction","target":["https:\/\/www.compactsub.com\/privacy-policy\/"]}]},{"@type":"BreadcrumbList","@id":"https:\/\/www.compactsub.com\/privacy-policy\/#breadcrumb","itemListElement":[{"@type":"ListItem","position":1,"name":"Home","item":"https:\/\/www.compactsub.com\/"},{"@type":"ListItem","position":2,"name":"Privacy Policy"}]},{"@type":"WebSite","@id":"https:\/\/www.compactsub.com\/#website","url":"https:\/\/www.compactsub.com\/","name":"PINEELE","description":"ZHENGXI GROUP\u2018 Subsidiary","publisher":{"@id":"https:\/\/www.compactsub.com\/#organization"},"potentialAction":[{"@type":"SearchAction","target":{"@type":"EntryPoint","urlTemplate":"https:\/\/www.compactsub.com\/?s={search_term_string}"},"query-input":{"@type":"PropertyValueSpecification","valueRequired":true,"valueName":"search_term_string"}}],"inLanguage":"pt-BR"},{"@type":"Organization","@id":"https:\/\/www.compactsub.com\/#organization","name":"Pineele","url":"https:\/\/www.compactsub.com\/","logo":{"@type":"ImageObject","inLanguage":"pt-BR","@id":"https:\/\/www.compactsub.com\/#\/schema\/logo\/image\/","url":"https:\/\/www.compactsub.com\/wp-content\/uploads\/2025\/06\/pine-logo.webp","contentUrl":"https:\/\/www.compactsub.com\/wp-content\/uploads\/2025\/06\/pine-logo.webp","width":213,"height":66,"caption":"Pineele"},"image":{"@id":"https:\/\/www.compactsub.com\/#\/schema\/logo\/image\/"}}]}},"_links":{"self":[{"href":"https:\/\/www.compactsub.com\/pt\/wp-json\/wp\/v2\/pages\/3","targetHints":{"allow":["GET"]}}],"collection":[{"href":"https:\/\/www.compactsub.com\/pt\/wp-json\/wp\/v2\/pages"}],"about":[{"href":"https:\/\/www.compactsub.com\/pt\/wp-json\/wp\/v2\/types\/page"}],"author":[{"embeddable":true,"href":"https:\/\/www.compactsub.com\/pt\/wp-json\/wp\/v2\/users\/1"}],"replies":[{"embeddable":true,"href":"https:\/\/www.compactsub.com\/pt\/wp-json\/wp\/v2\/comments?post=3"}],"version-history":[{"count":4,"href":"https:\/\/www.compactsub.com\/pt\/wp-json\/wp\/v2\/pages\/3\/revisions"}],"predecessor-version":[{"id":1773,"href":"https:\/\/www.compactsub.com\/pt\/wp-json\/wp\/v2\/pages\/3\/revisions\/1773"}],"wp:attachment":[{"href":"https:\/\/www.compactsub.com\/pt\/wp-json\/wp\/v2\/media?parent=3"}],"curies":[{"name":"wp","href":"https:\/\/api.w.org\/{rel}","templated":true}]}}