{"id":3,"date":"2025-04-15T10:58:48","date_gmt":"2025-04-15T02:58:48","guid":{"rendered":"https:\/\/www.compactsub.com\/?page_id=3"},"modified":"2025-04-17T10:38:15","modified_gmt":"2025-04-17T02:38:15","slug":"privacy-policy","status":"publish","type":"page","link":"https:\/\/www.compactsub.com\/es\/politica-de-privacidad\/","title":{"rendered":"Pol\u00edtica de privacidad"},"content":{"rendered":"<p>En <strong>[PINEELE]<\/strong>nos comprometemos a proteger la privacidad de los visitantes y clientes de nuestro sitio web. Esta pol\u00edtica de privacidad describe c\u00f3mo recopilamos, utilizamos y protegemos su informaci\u00f3n personal cuando visita nuestro sitio web,<a href=\"https:\/\/www.compactsub.com\/es\"> https:\/\/www.compactsub.com\/<\/a>que ofrece principalmente informaci\u00f3n y servicios relacionados con subestaciones compactas, transformadores de potencia y productos el\u00e9ctricos asociados.<\/p>\n\n\n\n<hr class=\"wp-block-separator has-alpha-channel-opacity\"\/>\n\n\n\n<h2 class=\"wp-block-heading\">1. Informaci\u00f3n que recopilamos<\/h2>\n\n\n\n<p>Podemos recoger y procesar los siguientes tipos de informaci\u00f3n:<\/p>\n\n\n\n<ul class=\"wp-block-list\">\n<li><strong>Informaci\u00f3n de identificaci\u00f3n personal<\/strong>: Nombre, direcci\u00f3n de correo electr\u00f3nico, n\u00famero de tel\u00e9fono, nombre de la empresa y pa\u00eds cuando rellena formularios de contacto, solicitudes de presupuesto o se suscribe a boletines informativos.<\/li>\n\n\n\n<li><strong>Informaci\u00f3n t\u00e9cnica<\/strong>: Direcci\u00f3n IP, tipo de navegador, p\u00e1ginas de referencia\/salida y sistema operativo (recogidos a trav\u00e9s de cookies y herramientas de an\u00e1lisis).<\/li>\n\n\n\n<li><strong>Datos de uso<\/strong>: P\u00e1ginas visitadas, tiempo de permanencia en las p\u00e1ginas y otros datos anal\u00edticos para ayudar a mejorar la experiencia del usuario.<\/li>\n<\/ul>\n\n\n\n<hr class=\"wp-block-separator has-alpha-channel-opacity\"\/>\n\n\n\n<h2 class=\"wp-block-heading\">2. C\u00f3mo utilizamos su informaci\u00f3n<\/h2>\n\n\n\n<p>Utilizamos la informaci\u00f3n que recopilamos para:<\/p>\n\n\n\n<ul class=\"wp-block-list\">\n<li>Responder a consultas y proporcionar presupuestos o asistencia t\u00e9cnica;<\/li>\n\n\n\n<li>Tramitar y gestionar pedidos y comunicaciones;<\/li>\n\n\n\n<li>Mejorar la funcionalidad y el contenido de nuestro sitio web;<\/li>\n\n\n\n<li>Enviar boletines informativos o actualizaciones de productos (s\u00f3lo si usted opta por ello);<\/li>\n\n\n\n<li>Cumplir las obligaciones legales.<\/li>\n<\/ul>\n\n\n\n<hr class=\"wp-block-separator has-alpha-channel-opacity\"\/>\n\n\n\n<h2 class=\"wp-block-heading\">3. Cookies y tecnolog\u00edas de seguimiento<\/h2>\n\n\n\n<p>Nuestro sitio utiliza cookies y herramientas de seguimiento de terceros como <strong>Google Analytics<\/strong> para comprender el comportamiento de los visitantes y mejorar la experiencia del usuario. Las cookies pueden almacenar:<\/p>\n\n\n\n<ul class=\"wp-block-list\">\n<li>Preferencias de la sesi\u00f3n;<\/li>\n\n\n\n<li>Configuraci\u00f3n de idioma o regi\u00f3n;<\/li>\n\n\n\n<li>Estad\u00edsticas de uso an\u00f3nimas.<\/li>\n<\/ul>\n\n\n\n<p>Puede modificar la configuraci\u00f3n de su navegador para que rechace las cookies o le notifique cuando se est\u00e1n utilizando.<\/p>\n\n\n\n<hr class=\"wp-block-separator has-alpha-channel-opacity\"\/>\n\n\n\n<h2 class=\"wp-block-heading\">4. Intercambio y divulgaci\u00f3n de datos<\/h2>\n\n\n\n<p>Lo hacemos <strong>no vender<\/strong>no comercializar\u00e1 ni alquilar\u00e1 su informaci\u00f3n personal a terceros.<\/p>\n\n\n\n<p>Podemos compartir sus datos con:<\/p>\n\n\n\n<ul class=\"wp-block-list\">\n<li>Proveedores de servicios de confianza que nos ayudan a operar el sitio web y a prestar servicios (por ejemplo, alojamiento web, env\u00edo de correo electr\u00f3nico);<\/li>\n\n\n\n<li>Autoridades judiciales, si as\u00ed lo exige la ley o en respuesta a solicitudes v\u00e1lidas.<\/li>\n<\/ul>\n\n\n\n<hr class=\"wp-block-separator has-alpha-channel-opacity\"\/>\n\n\n\n<h2 class=\"wp-block-heading\">5. 5. Conservaci\u00f3n de datos<\/h2>\n\n\n\n<p>Conservamos su informaci\u00f3n personal s\u00f3lo durante el tiempo necesario para cumplir los fines descritos en esta pol\u00edtica, a menos que la ley exija o permita un per\u00edodo de conservaci\u00f3n m\u00e1s largo.<\/p>\n\n\n\n<hr class=\"wp-block-separator has-alpha-channel-opacity\"\/>\n\n\n\n<h2 class=\"wp-block-heading\">6. Sus derechos en materia de protecci\u00f3n de datos<\/h2>\n\n\n\n<p>Dependiendo de su ubicaci\u00f3n (por ejemplo, UE\/EEE), puede tener los siguientes derechos:<\/p>\n\n\n\n<ul class=\"wp-block-list\">\n<li>Acceso a sus datos;<\/li>\n\n\n\n<li>Correcci\u00f3n de datos inexactos o incompletos;<\/li>\n\n\n\n<li>Supresi\u00f3n de sus datos personales;<\/li>\n\n\n\n<li>Oponerse al tratamiento o solicitar la portabilidad de los datos.<\/li>\n<\/ul>\n\n\n\n<p>Para ejercer estos derechos, p\u00f3ngase en contacto con nosotros<br>\ud83d\udce7 Correo electr\u00f3nico: <strong>sales@zhengxi1983.com<\/strong><\/p>\n\n\n\n<hr class=\"wp-block-separator has-alpha-channel-opacity\"\/>\n\n\n\n<h2 class=\"wp-block-heading\">7. Enlaces de terceros<\/h2>\n\n\n\n<p>Nuestro sitio web puede contener enlaces a sitios externos como Wikipedia, ABB, Schneider Electric, etc. No somos responsables de las pr\u00e1cticas de privacidad o del contenido de esos sitios web. Por favor, revise sus pol\u00edticas de privacidad por separado.<\/p>\n\n\n\n<hr class=\"wp-block-separator has-alpha-channel-opacity\"\/>\n\n\n\n<h2 class=\"wp-block-heading\">8. Seguridad de los datos<\/h2>\n\n\n\n<p>Aplicamos las medidas t\u00e9cnicas y organizativas adecuadas para proteger sus datos personales contra p\u00e9rdidas, accesos no autorizados, alteraciones o divulgaci\u00f3n.<\/p>\n\n\n\n<hr class=\"wp-block-separator has-alpha-channel-opacity\"\/>\n\n\n\n<h2 class=\"wp-block-heading\">9. Privacidad infantil<\/h2>\n\n\n\n<p>Nuestros productos y servicios est\u00e1n destinados a profesionales de los sectores el\u00e9ctrico e industrial. No recopilamos conscientemente informaci\u00f3n de personas menores de 16 a\u00f1os.<\/p>\n\n\n\n<hr class=\"wp-block-separator has-alpha-channel-opacity\"\/>\n\n\n\n<h2 class=\"wp-block-heading\">10. Actualizaciones de esta pol\u00edtica<\/h2>\n\n\n\n<p>Podemos actualizar esta Pol\u00edtica de Privacidad de vez en cuando para reflejar cambios en los requisitos legales o reglamentarios o cambios en nuestras pr\u00e1cticas. La versi\u00f3n actualizada se publicar\u00e1 en esta p\u00e1gina con una \"Fecha de entrada en vigor\" revisada.<\/p>\n\n\n\n<hr class=\"wp-block-separator has-alpha-channel-opacity\"\/>\n\n\n\n<h2 class=\"wp-block-heading\">11. Contacto<\/h2>\n\n\n\n<p>Si tiene alguna pregunta sobre esta Pol\u00edtica de privacidad o sobre c\u00f3mo tratamos sus datos personales, p\u00f3ngase en contacto con nosotros:<\/p>\n\n\n\n<p><strong>[Pineele]<\/strong><br>\ud83d\udccd Direcci\u00f3n: Yueqing, Zhejiang, China<br>\ud83d\udce7 Correo electr\u00f3nico: <strong>sales@zhengxi1983.com<\/strong><br>Tel\u00e9fono: +86-18968823915<br>\ud83d\udcf1 WhatsApp: <a href=\"https:\/\/wa.me\/8618058868393\">https:\/\/wa.me\/8618058868393<\/a><\/p>","protected":false},"excerpt":{"rendered":"<p>En [PINEELE], nos comprometemos a proteger la privacidad de los visitantes y clientes de nuestro sitio web. Esta Pol\u00edtica de Privacidad describe c\u00f3mo recopilamos, utilizamos y salvaguardamos su informaci\u00f3n personal cuando visita nuestro sitio web, https:\/\/www.compactsub.com\/, que ofrece principalmente informaci\u00f3n y servicios relacionados con subestaciones compactas, transformadores de potencia y productos el\u00e9ctricos asociados. 1. Informaci\u00f3n que recopilamos Nosotros [...]<\/p>","protected":false},"author":1,"featured_media":0,"parent":0,"menu_order":0,"comment_status":"closed","ping_status":"closed","template":"","meta":{"site-sidebar-layout":"default","site-content-layout":"","ast-site-content-layout":"default","site-content-style":"default","site-sidebar-style":"default","ast-global-header-display":"","ast-banner-title-visibility":"","ast-main-header-display":"","ast-hfb-above-header-display":"","ast-hfb-below-header-display":"","ast-hfb-mobile-header-display":"","site-post-title":"","ast-breadcrumbs-content":"","ast-featured-img":"","footer-sml-layout":"","theme-transparent-header-meta":"","adv-header-id-meta":"","stick-header-meta":"","header-above-stick-meta":"","header-main-stick-meta":"","header-below-stick-meta":"","astra-migrate-meta-layouts":"set","ast-page-background-enabled":"default","ast-page-background-meta":{"desktop":{"background-color":"var(--ast-global-color-4)","background-image":"","background-repeat":"repeat","background-position":"center center","background-size":"auto","background-attachment":"scroll","background-type":"","background-media":"","overlay-type":"","overlay-color":"","overlay-opacity":"","overlay-gradient":""},"tablet":{"background-color":"","background-image":"","background-repeat":"repeat","background-position":"center center","background-size":"auto","background-attachment":"scroll","background-type":"","background-media":"","overlay-type":"","overlay-color":"","overlay-opacity":"","overlay-gradient":""},"mobile":{"background-color":"","background-image":"","background-repeat":"repeat","background-position":"center center","background-size":"auto","background-attachment":"scroll","background-type":"","background-media":"","overlay-type":"","overlay-color":"","overlay-opacity":"","overlay-gradient":""}},"ast-content-background-meta":{"desktop":{"background-color":"var(--ast-global-color-5)","background-image":"","background-repeat":"repeat","background-position":"center center","background-size":"auto","background-attachment":"scroll","background-type":"","background-media":"","overlay-type":"","overlay-color":"","overlay-opacity":"","overlay-gradient":""},"tablet":{"background-color":"var(--ast-global-color-5)","background-image":"","background-repeat":"repeat","background-position":"center center","background-size":"auto","background-attachment":"scroll","background-type":"","background-media":"","overlay-type":"","overlay-color":"","overlay-opacity":"","overlay-gradient":""},"mobile":{"background-color":"var(--ast-global-color-5)","background-image":"","background-repeat":"repeat","background-position":"center center","background-size":"auto","background-attachment":"scroll","background-type":"","background-media":"","overlay-type":"","overlay-color":"","overlay-opacity":"","overlay-gradient":""}},"footnotes":""},"class_list":["post-3","page","type-page","status-publish","hentry"],"yoast_head":"<!-- This site is optimized with the Yoast SEO plugin v24.8.1 - https:\/\/yoast.com\/wordpress\/plugins\/seo\/ -->\n<title>Privacy Policy - PINEELE<\/title>\n<meta name=\"description\" content=\"At [PINEELE], we are committed to protecting the privacy of our website visitors and customers.\" \/>\n<meta name=\"robots\" content=\"index, follow, max-snippet:-1, max-image-preview:large, max-video-preview:-1\" \/>\n<link rel=\"canonical\" href=\"https:\/\/www.compactsub.com\/es\/politica-de-privacidad\/\" \/>\n<meta property=\"og:locale\" content=\"es_MX\" \/>\n<meta property=\"og:type\" content=\"article\" \/>\n<meta property=\"og:title\" content=\"Privacy Policy - PINEELE\" \/>\n<meta property=\"og:description\" content=\"At [PINEELE], we are committed to protecting the privacy of our website visitors and customers.\" \/>\n<meta property=\"og:url\" content=\"https:\/\/www.compactsub.com\/es\/politica-de-privacidad\/\" \/>\n<meta property=\"og:site_name\" content=\"PINEELE\" \/>\n<meta property=\"article:modified_time\" content=\"2025-04-17T02:38:15+00:00\" \/>\n<meta name=\"twitter:card\" content=\"summary_large_image\" \/>\n<meta name=\"twitter:label1\" content=\"Tiempo de lectura\" \/>\n\t<meta name=\"twitter:data1\" content=\"3 minutos\" \/>\n<script type=\"application\/ld+json\" class=\"yoast-schema-graph\">{\"@context\":\"https:\/\/schema.org\",\"@graph\":[{\"@type\":\"WebPage\",\"@id\":\"https:\/\/www.compactsub.com\/privacy-policy\/\",\"url\":\"https:\/\/www.compactsub.com\/privacy-policy\/\",\"name\":\"Privacy Policy - PINEELE\",\"isPartOf\":{\"@id\":\"https:\/\/www.compactsub.com\/#website\"},\"datePublished\":\"2025-04-15T02:58:48+00:00\",\"dateModified\":\"2025-04-17T02:38:15+00:00\",\"description\":\"At [PINEELE], we are committed to protecting the privacy of our website visitors and customers.\",\"breadcrumb\":{\"@id\":\"https:\/\/www.compactsub.com\/privacy-policy\/#breadcrumb\"},\"inLanguage\":\"es\",\"potentialAction\":[{\"@type\":\"ReadAction\",\"target\":[\"https:\/\/www.compactsub.com\/privacy-policy\/\"]}]},{\"@type\":\"BreadcrumbList\",\"@id\":\"https:\/\/www.compactsub.com\/privacy-policy\/#breadcrumb\",\"itemListElement\":[{\"@type\":\"ListItem\",\"position\":1,\"name\":\"Home\",\"item\":\"https:\/\/www.compactsub.com\/\"},{\"@type\":\"ListItem\",\"position\":2,\"name\":\"Privacy Policy\"}]},{\"@type\":\"WebSite\",\"@id\":\"https:\/\/www.compactsub.com\/#website\",\"url\":\"https:\/\/www.compactsub.com\/\",\"name\":\"PINEELE\",\"description\":\"ZHENGXI GROUP\u2018 Subsidiary\",\"publisher\":{\"@id\":\"https:\/\/www.compactsub.com\/#organization\"},\"potentialAction\":[{\"@type\":\"SearchAction\",\"target\":{\"@type\":\"EntryPoint\",\"urlTemplate\":\"https:\/\/www.compactsub.com\/?s={search_term_string}\"},\"query-input\":{\"@type\":\"PropertyValueSpecification\",\"valueRequired\":true,\"valueName\":\"search_term_string\"}}],\"inLanguage\":\"es\"},{\"@type\":\"Organization\",\"@id\":\"https:\/\/www.compactsub.com\/#organization\",\"name\":\"Pineele\",\"url\":\"https:\/\/www.compactsub.com\/\",\"logo\":{\"@type\":\"ImageObject\",\"inLanguage\":\"es\",\"@id\":\"https:\/\/www.compactsub.com\/#\/schema\/logo\/image\/\",\"url\":\"https:\/\/www.compactsub.com\/wp-content\/uploads\/2025\/06\/pine-logo.webp\",\"contentUrl\":\"https:\/\/www.compactsub.com\/wp-content\/uploads\/2025\/06\/pine-logo.webp\",\"width\":213,\"height\":66,\"caption\":\"Pineele\"},\"image\":{\"@id\":\"https:\/\/www.compactsub.com\/#\/schema\/logo\/image\/\"}}]}<\/script>\n<!-- \/ Yoast SEO plugin. -->","yoast_head_json":{"title":"Privacy Policy - PINEELE","description":"At [PINEELE], we are committed to protecting the privacy of our website visitors and customers.","robots":{"index":"index","follow":"follow","max-snippet":"max-snippet:-1","max-image-preview":"max-image-preview:large","max-video-preview":"max-video-preview:-1"},"canonical":"https:\/\/www.compactsub.com\/es\/politica-de-privacidad\/","og_locale":"es_MX","og_type":"article","og_title":"Privacy Policy - PINEELE","og_description":"At [PINEELE], we are committed to protecting the privacy of our website visitors and customers.","og_url":"https:\/\/www.compactsub.com\/es\/politica-de-privacidad\/","og_site_name":"PINEELE","article_modified_time":"2025-04-17T02:38:15+00:00","twitter_card":"summary_large_image","twitter_misc":{"Tiempo de lectura":"3 minutos"},"schema":{"@context":"https:\/\/schema.org","@graph":[{"@type":"WebPage","@id":"https:\/\/www.compactsub.com\/privacy-policy\/","url":"https:\/\/www.compactsub.com\/privacy-policy\/","name":"Privacy Policy - PINEELE","isPartOf":{"@id":"https:\/\/www.compactsub.com\/#website"},"datePublished":"2025-04-15T02:58:48+00:00","dateModified":"2025-04-17T02:38:15+00:00","description":"At [PINEELE], we are committed to protecting the privacy of our website visitors and customers.","breadcrumb":{"@id":"https:\/\/www.compactsub.com\/privacy-policy\/#breadcrumb"},"inLanguage":"es","potentialAction":[{"@type":"ReadAction","target":["https:\/\/www.compactsub.com\/privacy-policy\/"]}]},{"@type":"BreadcrumbList","@id":"https:\/\/www.compactsub.com\/privacy-policy\/#breadcrumb","itemListElement":[{"@type":"ListItem","position":1,"name":"Home","item":"https:\/\/www.compactsub.com\/"},{"@type":"ListItem","position":2,"name":"Privacy Policy"}]},{"@type":"WebSite","@id":"https:\/\/www.compactsub.com\/#website","url":"https:\/\/www.compactsub.com\/","name":"PINEELE","description":"ZHENGXI GROUP\u2018 Subsidiary","publisher":{"@id":"https:\/\/www.compactsub.com\/#organization"},"potentialAction":[{"@type":"SearchAction","target":{"@type":"EntryPoint","urlTemplate":"https:\/\/www.compactsub.com\/?s={search_term_string}"},"query-input":{"@type":"PropertyValueSpecification","valueRequired":true,"valueName":"search_term_string"}}],"inLanguage":"es"},{"@type":"Organization","@id":"https:\/\/www.compactsub.com\/#organization","name":"Pineele","url":"https:\/\/www.compactsub.com\/","logo":{"@type":"ImageObject","inLanguage":"es","@id":"https:\/\/www.compactsub.com\/#\/schema\/logo\/image\/","url":"https:\/\/www.compactsub.com\/wp-content\/uploads\/2025\/06\/pine-logo.webp","contentUrl":"https:\/\/www.compactsub.com\/wp-content\/uploads\/2025\/06\/pine-logo.webp","width":213,"height":66,"caption":"Pineele"},"image":{"@id":"https:\/\/www.compactsub.com\/#\/schema\/logo\/image\/"}}]}},"_links":{"self":[{"href":"https:\/\/www.compactsub.com\/es\/wp-json\/wp\/v2\/pages\/3","targetHints":{"allow":["GET"]}}],"collection":[{"href":"https:\/\/www.compactsub.com\/es\/wp-json\/wp\/v2\/pages"}],"about":[{"href":"https:\/\/www.compactsub.com\/es\/wp-json\/wp\/v2\/types\/page"}],"author":[{"embeddable":true,"href":"https:\/\/www.compactsub.com\/es\/wp-json\/wp\/v2\/users\/1"}],"replies":[{"embeddable":true,"href":"https:\/\/www.compactsub.com\/es\/wp-json\/wp\/v2\/comments?post=3"}],"version-history":[{"count":4,"href":"https:\/\/www.compactsub.com\/es\/wp-json\/wp\/v2\/pages\/3\/revisions"}],"predecessor-version":[{"id":1773,"href":"https:\/\/www.compactsub.com\/es\/wp-json\/wp\/v2\/pages\/3\/revisions\/1773"}],"wp:attachment":[{"href":"https:\/\/www.compactsub.com\/es\/wp-json\/wp\/v2\/media?parent=3"}],"curies":[{"name":"wp","href":"https:\/\/api.w.org\/{rel}","templated":true}]}}